{"id":5329,"date":"2024-03-04T08:00:23","date_gmt":"2024-03-04T08:00:23","guid":{"rendered":"https:\/\/wpdemo.archiwp.com\/theratio\/?page_id=5329"},"modified":"2025-10-09T23:43:14","modified_gmt":"2025-10-09T23:43:14","slug":"home-2-light","status":"publish","type":"page","link":"https:\/\/vibrant-thompson.74-208-33-72.plesk.page\/","title":{"rendered":"Home 2 Light"},"content":{"rendered":"\t\t<div data-elementor-type=\"wp-page\" data-elementor-id=\"5329\" class=\"elementor elementor-5329\">\n\t\t\t\t\t\t<section class=\"elementor-section elementor-top-section elementor-element elementor-element-4c97e0c elementor-section-height-full elementor-section-full_width elementor-section-height-default elementor-section-items-middle\" data-id=\"4c97e0c\" data-element_type=\"section\" data-settings=\"{&quot;background_background&quot;:&quot;classic&quot;}\">\n\t\t\t\t\t\t<div class=\"elementor-container elementor-column-gap-default\">\n\t\t\t\t\t<div class=\"elementor-column elementor-col-100 elementor-top-column elementor-element elementor-element-6010d51 ot-flex-column-vertical\" data-id=\"6010d51\" data-element_type=\"column\">\n\t\t\t<div class=\"elementor-widget-wrap elementor-element-populated\">\n\t\t\t\t\t\t<div class=\"elementor-element elementor-element-9a3b82c elementor-widget elementor-widget-video\" data-id=\"9a3b82c\" data-element_type=\"widget\" data-settings=\"{&quot;video_type&quot;:&quot;vimeo&quot;,&quot;autoplay&quot;:&quot;yes&quot;,&quot;play_on_mobile&quot;:&quot;yes&quot;,&quot;mute&quot;:&quot;yes&quot;,&quot;loop&quot;:&quot;yes&quot;}\" data-widget_type=\"video.default\">\n\t\t\t\t\t\t\t<div class=\"elementor-wrapper elementor-open-inline\">\n\t\t\t<iframe class=\"elementor-video-iframe\" allowfullscreen allow=\"autoplay\" title=\"Reproductor de v\u00eddeo vimeo\" src=\"https:\/\/player.vimeo.com\/video\/1091381032?autoplay=1&amp;playsinline=1&amp;color=02010100&amp;autopause=0&amp;loop=1&amp;muted=1&amp;title=0&amp;portrait=0&amp;byline=0#t=\"><\/iframe>\t\t<\/div>\n\t\t\t\t\t\t<\/div>\n\t\t\t\t\t<\/div>\n\t\t<\/div>\n\t\t\t\t\t<\/div>\n\t\t<\/section>\n\t\t<div class=\"elementor-element elementor-element-3c957ea e-con-full e-flex e-con e-parent\" data-id=\"3c957ea\" data-element_type=\"container\">\n\t\t<div class=\"elementor-element elementor-element-55f2595 e-con-full e-flex e-con e-child\" data-id=\"55f2595\" data-element_type=\"container\">\n\t\t\t\t<div class=\"elementor-element elementor-element-31308b3 elementor-widget elementor-widget-image\" data-id=\"31308b3\" data-element_type=\"widget\" data-widget_type=\"image.default\">\n\t\t\t\t\t\t\t\t\t\t\t\t\t\t\t<img fetchpriority=\"high\" decoding=\"async\" width=\"636\" height=\"1024\" src=\"https:\/\/vibrant-thompson.74-208-33-72.plesk.page\/wp-content\/uploads\/2025\/10\/Group-16-636x1024.png\" class=\"attachment-large size-large wp-image-5687\" alt=\"\" srcset=\"https:\/\/vibrant-thompson.74-208-33-72.plesk.page\/wp-content\/uploads\/2025\/10\/Group-16-636x1024.png 636w, https:\/\/vibrant-thompson.74-208-33-72.plesk.page\/wp-content\/uploads\/2025\/10\/Group-16-186x300.png 186w, https:\/\/vibrant-thompson.74-208-33-72.plesk.page\/wp-content\/uploads\/2025\/10\/Group-16-768x1237.png 768w, https:\/\/vibrant-thompson.74-208-33-72.plesk.page\/wp-content\/uploads\/2025\/10\/Group-16.png 792w\" sizes=\"(max-width: 636px) 100vw, 636px\" \/>\t\t\t\t\t\t\t\t\t\t\t\t\t\t\t<\/div>\n\t\t\t\t<\/div>\n\t\t<div class=\"elementor-element elementor-element-8aee03f e-con-full e-flex e-con e-child\" data-id=\"8aee03f\" data-element_type=\"container\" data-settings=\"{&quot;background_background&quot;:&quot;classic&quot;}\">\n\t\t\t\t<div class=\"elementor-element elementor-element-ff6dd21 elementor-widget elementor-widget-image\" data-id=\"ff6dd21\" data-element_type=\"widget\" data-widget_type=\"image.default\">\n\t\t\t\t\t\t\t\t\t\t\t\t\t\t\t<img decoding=\"async\" width=\"114\" height=\"199\" src=\"https:\/\/vibrant-thompson.74-208-33-72.plesk.page\/wp-content\/uploads\/2025\/10\/Group-13.png\" class=\"attachment-full size-full wp-image-5694\" alt=\"\" \/>\t\t\t\t\t\t\t\t\t\t\t\t\t\t\t<\/div>\n\t\t\t\t<div class=\"elementor-element elementor-element-1b1590e elementor-widget elementor-widget-text-editor\" data-id=\"1b1590e\" data-element_type=\"widget\" data-widget_type=\"text-editor.default\">\n\t\t\t\t\t\t\t\t\t<p>PADRE GALLO FILMS es una agencia de contenidos audiovisuales nacida en Abril de 2023, liderada por <strong>Netza Ch\u00e1vez<\/strong> y <strong>Alejandro Rosales<\/strong>, dos creadores con m\u00e1s de diez a\u00f1os de trayectoria en la producci\u00f3n digital en espa\u00f1ol.<\/p>\t\t\t\t\t\t\t\t<\/div>\n\t\t\t\t<div class=\"elementor-element elementor-element-436fb66 elementor-view-default elementor-widget elementor-widget-icon\" data-id=\"436fb66\" data-element_type=\"widget\" data-widget_type=\"icon.default\">\n\t\t\t\t\t\t\t<div class=\"elementor-icon-wrapper\">\n\t\t\t<div class=\"elementor-icon\">\n\t\t\t<svg aria-hidden=\"true\" class=\"e-font-icon-svg e-fas-circle\" viewBox=\"0 0 512 512\" xmlns=\"http:\/\/www.w3.org\/2000\/svg\"><path d=\"M256 8C119 8 8 119 8 256s111 248 248 248 248-111 248-248S393 8 256 8z\"><\/path><\/svg>\t\t\t<\/div>\n\t\t<\/div>\n\t\t\t\t\t\t<\/div>\n\t\t\t\t<div class=\"elementor-element elementor-element-445f636 elementor-widget elementor-widget-text-editor\" data-id=\"445f636\" data-element_type=\"widget\" data-widget_type=\"text-editor.default\">\n\t\t\t\t\t\t\t\t\t<p><span style=\"white-space-collapse: preserve;\"><span style=\"font-weight: bold; font-size: 16px;\">Misi\u00f3n:<\/span> Ayudar a empresas y negocios a comunicar su identidad a trav\u00e9s de im\u00e1genes que conecten, emocionen y vendan.<\/span><\/p>\t\t\t\t\t\t\t\t<\/div>\n\t\t\t\t<div class=\"elementor-element elementor-element-94a6fa4 elementor-view-default elementor-widget elementor-widget-icon\" data-id=\"94a6fa4\" data-element_type=\"widget\" data-widget_type=\"icon.default\">\n\t\t\t\t\t\t\t<div class=\"elementor-icon-wrapper\">\n\t\t\t<div class=\"elementor-icon\">\n\t\t\t<svg aria-hidden=\"true\" class=\"e-font-icon-svg e-fas-circle\" viewBox=\"0 0 512 512\" xmlns=\"http:\/\/www.w3.org\/2000\/svg\"><path d=\"M256 8C119 8 8 119 8 256s111 248 248 248 248-111 248-248S393 8 256 8z\"><\/path><\/svg>\t\t\t<\/div>\n\t\t<\/div>\n\t\t\t\t\t\t<\/div>\n\t\t\t\t<div class=\"elementor-element elementor-element-69b9d4b elementor-widget elementor-widget-text-editor\" data-id=\"69b9d4b\" data-element_type=\"widget\" data-widget_type=\"text-editor.default\">\n\t\t\t\t\t\t\t\t\t<p><span style=\"white-space-collapse: preserve;\"><span style=\"font-weight: bold; font-size: 16px;\">Visi\u00f3n:<\/span> Ser la casa creativa de referencia para marcas que buscan contenido con est\u00e9tica cinematogr\u00e1fica y estrategia de impacto.<\/span><\/p>\t\t\t\t\t\t\t\t<\/div>\n\t\t\t\t<\/div>\n\t\t\t\t<\/div>\n\t\t<div class=\"elementor-element elementor-element-43a53c6 e-con-full e-flex e-con e-parent\" data-id=\"43a53c6\" data-element_type=\"container\" data-settings=\"{&quot;background_background&quot;:&quot;classic&quot;}\">\n\t\t<div class=\"elementor-element elementor-element-e3699d8 e-con-full e-flex e-con e-child\" data-id=\"e3699d8\" data-element_type=\"container\">\n\t\t\t\t<div class=\"elementor-element elementor-element-013cfc1 elementor-widget elementor-widget-text-editor\" data-id=\"013cfc1\" data-element_type=\"widget\" data-widget_type=\"text-editor.default\">\n\t\t\t\t\t\t\t\t\t<p>Servicios<\/p>\t\t\t\t\t\t\t\t<\/div>\n\t\t\t\t<\/div>\n\t\t\t\t<\/div>\n\t\t<div class=\"elementor-element elementor-element-5e1bc72 e-con-full e-flex e-con e-parent\" data-id=\"5e1bc72\" data-element_type=\"container\">\n\t\t<div class=\"elementor-element elementor-element-f892fc5 e-con-full e-flex e-con e-child\" data-id=\"f892fc5\" data-element_type=\"container\">\n\t\t<div class=\"elementor-element elementor-element-6ed981d e-con-full e-flex e-con e-child\" data-id=\"6ed981d\" data-element_type=\"container\">\n\t\t\t\t<div class=\"elementor-element elementor-element-97bbf47 elementor-widget elementor-widget-image\" data-id=\"97bbf47\" data-element_type=\"widget\" data-widget_type=\"image.default\">\n\t\t\t\t\t\t\t\t\t\t\t\t\t\t\t<img decoding=\"async\" width=\"465\" height=\"496\" src=\"https:\/\/vibrant-thompson.74-208-33-72.plesk.page\/wp-content\/uploads\/2025\/10\/Mask-group.png\" class=\"attachment-large size-large wp-image-5739\" alt=\"\" srcset=\"https:\/\/vibrant-thompson.74-208-33-72.plesk.page\/wp-content\/uploads\/2025\/10\/Mask-group.png 465w, https:\/\/vibrant-thompson.74-208-33-72.plesk.page\/wp-content\/uploads\/2025\/10\/Mask-group-281x300.png 281w\" sizes=\"(max-width: 465px) 100vw, 465px\" \/>\t\t\t\t\t\t\t\t\t\t\t\t\t\t\t<\/div>\n\t\t\t\t<\/div>\n\t\t<div class=\"elementor-element elementor-element-9e84c87 e-con-full e-flex e-con e-child\" data-id=\"9e84c87\" data-element_type=\"container\">\n\t\t\t\t<div class=\"elementor-element elementor-element-1a7af1b elementor-widget elementor-widget-image\" data-id=\"1a7af1b\" data-element_type=\"widget\" data-widget_type=\"image.default\">\n\t\t\t\t\t\t\t\t\t\t\t\t\t\t\t<img loading=\"lazy\" decoding=\"async\" width=\"466\" height=\"496\" src=\"https:\/\/vibrant-thompson.74-208-33-72.plesk.page\/wp-content\/uploads\/2025\/10\/Mask-group-1.png\" class=\"attachment-large size-large wp-image-5736\" alt=\"\" srcset=\"https:\/\/vibrant-thompson.74-208-33-72.plesk.page\/wp-content\/uploads\/2025\/10\/Mask-group-1.png 466w, https:\/\/vibrant-thompson.74-208-33-72.plesk.page\/wp-content\/uploads\/2025\/10\/Mask-group-1-282x300.png 282w\" sizes=\"(max-width: 466px) 100vw, 466px\" \/>\t\t\t\t\t\t\t\t\t\t\t\t\t\t\t<\/div>\n\t\t\t\t<\/div>\n\t\t<div class=\"elementor-element elementor-element-2cc7986 e-con-full e-flex e-con e-child\" data-id=\"2cc7986\" data-element_type=\"container\">\n\t\t\t\t<div class=\"elementor-element elementor-element-d2cb39f elementor-widget elementor-widget-image\" data-id=\"d2cb39f\" data-element_type=\"widget\" data-widget_type=\"image.default\">\n\t\t\t\t\t\t\t\t\t\t\t\t\t\t\t<img loading=\"lazy\" decoding=\"async\" width=\"465\" height=\"496\" src=\"https:\/\/vibrant-thompson.74-208-33-72.plesk.page\/wp-content\/uploads\/2025\/10\/Mask-group-2.png\" class=\"attachment-large size-large wp-image-5737\" alt=\"\" srcset=\"https:\/\/vibrant-thompson.74-208-33-72.plesk.page\/wp-content\/uploads\/2025\/10\/Mask-group-2.png 465w, https:\/\/vibrant-thompson.74-208-33-72.plesk.page\/wp-content\/uploads\/2025\/10\/Mask-group-2-281x300.png 281w\" sizes=\"(max-width: 465px) 100vw, 465px\" \/>\t\t\t\t\t\t\t\t\t\t\t\t\t\t\t<\/div>\n\t\t\t\t<\/div>\n\t\t\t\t<\/div>\n\t\t<div class=\"elementor-element elementor-element-17bd122 e-con-full e-flex e-con e-child\" data-id=\"17bd122\" data-element_type=\"container\">\n\t\t<div class=\"elementor-element elementor-element-9e8caf4 e-con-full e-flex e-con e-child\" data-id=\"9e8caf4\" data-element_type=\"container\">\n\t\t\t\t<div class=\"elementor-element elementor-element-4078781 elementor-widget elementor-widget-image\" data-id=\"4078781\" data-element_type=\"widget\" data-widget_type=\"image.default\">\n\t\t\t\t\t\t\t\t\t\t\t\t\t\t\t<img loading=\"lazy\" decoding=\"async\" width=\"466\" height=\"496\" src=\"https:\/\/vibrant-thompson.74-208-33-72.plesk.page\/wp-content\/uploads\/2025\/10\/Mask-group-3.png\" class=\"attachment-large size-large wp-image-5738\" alt=\"\" srcset=\"https:\/\/vibrant-thompson.74-208-33-72.plesk.page\/wp-content\/uploads\/2025\/10\/Mask-group-3.png 466w, https:\/\/vibrant-thompson.74-208-33-72.plesk.page\/wp-content\/uploads\/2025\/10\/Mask-group-3-282x300.png 282w\" sizes=\"(max-width: 466px) 100vw, 466px\" \/>\t\t\t\t\t\t\t\t\t\t\t\t\t\t\t<\/div>\n\t\t\t\t<\/div>\n\t\t<div class=\"elementor-element elementor-element-a7bb305 e-con-full e-flex e-con e-child\" data-id=\"a7bb305\" data-element_type=\"container\">\n\t\t\t\t<\/div>\n\t\t<div class=\"elementor-element elementor-element-5e24bcc e-con-full e-flex e-con e-child\" data-id=\"5e24bcc\" data-element_type=\"container\">\n\t\t\t\t<\/div>\n\t\t\t\t<\/div>\n\t\t\t\t<\/div>\n\t\t<div class=\"elementor-element elementor-element-9e1aeed e-con-full e-flex e-con e-parent\" data-id=\"9e1aeed\" data-element_type=\"container\">\n\t\t<div class=\"elementor-element elementor-element-0e8fb96 e-con-full e-flex e-con e-child\" data-id=\"0e8fb96\" data-element_type=\"container\" data-settings=\"{&quot;background_background&quot;:&quot;classic&quot;}\">\n\t\t\t\t<div class=\"elementor-element elementor-element-5fa7670 elementor-widget elementor-widget-shortcode\" data-id=\"5fa7670\" data-element_type=\"widget\" data-widget_type=\"shortcode.default\">\n\t\t\t\t\t\t\t<div class=\"elementor-shortcode\">\n<div class=\"wpcf7 no-js\" id=\"wpcf7-f5748-o1\" lang=\"es-ES\" dir=\"ltr\" data-wpcf7-id=\"5748\">\n<div class=\"screen-reader-response\"><p role=\"status\" aria-live=\"polite\" aria-atomic=\"true\"><\/p> <ul><\/ul><\/div>\n<form action=\"\/index.php\/wp-json\/wp\/v2\/pages\/5329#wpcf7-f5748-o1\" method=\"post\" class=\"wpcf7-form init\" aria-label=\"Formulario de contacto\" novalidate=\"novalidate\" data-status=\"init\">\n<fieldset class=\"hidden-fields-container\"><input type=\"hidden\" name=\"_wpcf7\" value=\"5748\" \/><input type=\"hidden\" name=\"_wpcf7_version\" value=\"6.1.1\" \/><input type=\"hidden\" name=\"_wpcf7_locale\" value=\"es_ES\" \/><input type=\"hidden\" name=\"_wpcf7_unit_tag\" value=\"wpcf7-f5748-o1\" \/><input type=\"hidden\" name=\"_wpcf7_container_post\" value=\"0\" \/><input type=\"hidden\" name=\"_wpcf7_posted_data_hash\" value=\"\" \/>\n<\/fieldset>\n<p><span class=\"wpcf7-form-control-wrap\" data-name=\"text-294\"><input size=\"40\" maxlength=\"400\" class=\"wpcf7-form-control wpcf7-text wpcf7-validates-as-required\" aria-required=\"true\" aria-invalid=\"false\" placeholder=\"Tu nombre completo\" value=\"\" type=\"text\" name=\"text-294\" \/><\/span><br \/>\n<span class=\"wpcf7-form-control-wrap\" data-name=\"email-709\"><input size=\"40\" maxlength=\"400\" class=\"wpcf7-form-control wpcf7-email wpcf7-validates-as-required wpcf7-text wpcf7-validates-as-email\" aria-required=\"true\" aria-invalid=\"false\" placeholder=\"Tu Email\" value=\"\" type=\"email\" name=\"email-709\" \/><\/span><br \/>\n<span class=\"wpcf7-form-control-wrap\" data-name=\"tel-220\"><input size=\"40\" maxlength=\"400\" class=\"wpcf7-form-control wpcf7-tel wpcf7-validates-as-required wpcf7-text wpcf7-validates-as-tel\" autocomplete=\"tel\" aria-required=\"true\" aria-invalid=\"false\" placeholder=\"Tu tel\u00e9fono\" value=\"\" type=\"tel\" name=\"tel-220\" \/><\/span><br \/>\n<span class=\"wpcf7-form-control-wrap\" data-name=\"textarea-550\"><textarea cols=\"40\" rows=\"10\" maxlength=\"2000\" class=\"wpcf7-form-control wpcf7-textarea wpcf7-validates-as-required\" aria-required=\"true\" aria-invalid=\"false\" placeholder=\"Tu mensaje\" name=\"textarea-550\"><\/textarea><\/span><br \/>\n<input class=\"wpcf7-form-control wpcf7-submit has-spinner\" type=\"submit\" value=\"Enviar\" \/>\n<\/p><div class=\"wpcf7-response-output\" aria-hidden=\"true\"><\/div>\n<\/form>\n<\/div>\n<\/div>\n\t\t\t\t\t\t<\/div>\n\t\t\t\t<\/div>\n\t\t<div class=\"elementor-element elementor-element-da90bab e-con-full e-flex e-con e-child\" data-id=\"da90bab\" data-element_type=\"container\">\n\t\t\t\t<div class=\"elementor-element elementor-element-6288124 elementor-widget elementor-widget-image\" data-id=\"6288124\" data-element_type=\"widget\" data-widget_type=\"image.default\">\n\t\t\t\t\t\t\t\t\t\t\t\t\t\t\t<img loading=\"lazy\" decoding=\"async\" width=\"472\" height=\"638\" src=\"https:\/\/vibrant-thompson.74-208-33-72.plesk.page\/wp-content\/uploads\/2025\/10\/Group-17.png\" class=\"attachment-large size-large wp-image-5740\" alt=\"\" srcset=\"https:\/\/vibrant-thompson.74-208-33-72.plesk.page\/wp-content\/uploads\/2025\/10\/Group-17.png 472w, https:\/\/vibrant-thompson.74-208-33-72.plesk.page\/wp-content\/uploads\/2025\/10\/Group-17-222x300.png 222w\" sizes=\"(max-width: 472px) 100vw, 472px\" \/>\t\t\t\t\t\t\t\t\t\t\t\t\t\t\t<\/div>\n\t\t\t\t<\/div>\n\t\t\t\t<\/div>\n\t\t\t\t<\/div>\n\t\t","protected":false},"excerpt":{"rendered":"<p>https:\/\/vimeo.com\/1091381032?share=copy&#038;fbclid=PAZnRzaAMwSGpleHRuA2FlbQIxMQABp5JOR1QqzEOpm4X7BruVMhsNfdPu2G2kyBiwrUxZupWYHwWd3AdRqy8WvYkw_aem_-N1eew_MaCnmxvOS_i1yrg PADRE GALLO FILMS es una agencia de contenidos audiovisuales nacida en Abril de 2023, liderada por Netza Ch\u00e1vez y Alejandro Rosales, dos creadores con m\u00e1s de diez a\u00f1os de trayectoria en la producci\u00f3n digital en espa\u00f1ol. Misi\u00f3n: Ayudar a empresas y negocios a comunicar su identidad a trav\u00e9s de im\u00e1genes que conecten, emocionen y [&hellip;]<\/p>\n","protected":false},"author":1,"featured_media":0,"parent":0,"menu_order":0,"comment_status":"closed","ping_status":"closed","template":"","meta":{"footnotes":""},"class_list":["post-5329","page","type-page","status-publish","hentry"],"_links":{"self":[{"href":"https:\/\/vibrant-thompson.74-208-33-72.plesk.page\/index.php\/wp-json\/wp\/v2\/pages\/5329","targetHints":{"allow":["GET"]}}],"collection":[{"href":"https:\/\/vibrant-thompson.74-208-33-72.plesk.page\/index.php\/wp-json\/wp\/v2\/pages"}],"about":[{"href":"https:\/\/vibrant-thompson.74-208-33-72.plesk.page\/index.php\/wp-json\/wp\/v2\/types\/page"}],"author":[{"embeddable":true,"href":"https:\/\/vibrant-thompson.74-208-33-72.plesk.page\/index.php\/wp-json\/wp\/v2\/users\/1"}],"replies":[{"embeddable":true,"href":"https:\/\/vibrant-thompson.74-208-33-72.plesk.page\/index.php\/wp-json\/wp\/v2\/comments?post=5329"}],"version-history":[{"count":175,"href":"https:\/\/vibrant-thompson.74-208-33-72.plesk.page\/index.php\/wp-json\/wp\/v2\/pages\/5329\/revisions"}],"predecessor-version":[{"id":5756,"href":"https:\/\/vibrant-thompson.74-208-33-72.plesk.page\/index.php\/wp-json\/wp\/v2\/pages\/5329\/revisions\/5756"}],"wp:attachment":[{"href":"https:\/\/vibrant-thompson.74-208-33-72.plesk.page\/index.php\/wp-json\/wp\/v2\/media?parent=5329"}],"curies":[{"name":"wp","href":"https:\/\/api.w.org\/{rel}","templated":true}]}}